{"id":313131,"date":"2024-09-18T07:38:58","date_gmt":"2024-09-18T07:38:58","guid":{"rendered":"https:\/\/www.gncmeccanica.com\/prodotto\/100x500\/"},"modified":"2024-09-18T07:38:58","modified_gmt":"2024-09-18T07:38:58","slug":"100x500","status":"publish","type":"product","link":"https:\/\/www.gncmeccanica.com\/es\/prodotto\/100x500\/","title":{"rendered":"100&#215;500"},"content":{"rendered":"","protected":false},"excerpt":{"rendered":"<p>Nuestras ventosas son 100 % fabricadas en Italia, escrupulosamente ensambladas a mano por personal experimentado. La superficie vulcanizada con una mezcla especial antimanchas es resistente a los \u00e1cidos y est\u00e1 garantizada contra el desprendimiento. El proceso de resistencia a la oxidaci\u00f3n se completa con la anodizaci\u00f3n del aluminio. El revestimiento especial de las columnas \u00abCarbon look\u00bb (negro, rojo gris o blanco, incluso serigrafiado), adem\u00e1s de hacer que nuestras ventosas sean \u00fanicas, previene la oxidaci\u00f3n gracias a la gran fuerza repelente al agua, ideal para una limpieza sencilla y r\u00e1pida al final del d\u00eda.   <\/p>\n<p>Cada componente de una ventosa se rectifica con una tolerancia centesimal, garantizando una perfecta intercambiabilidad de los componentes y, en consecuencia, una perfecta tolerancia dimensional garantizada dentro de +\/-0,03 mil\u00edmetros.<\/p>\n","protected":false},"featured_media":310803,"comment_status":"open","ping_status":"closed","template":"","meta":{"_et_pb_use_builder":"","_et_pb_old_content":"","_et_gb_content_width":""},"product_brand":[],"product_cat":[646],"product_tag":[],"class_list":{"0":"post-313131","1":"product","2":"type-product","3":"status-publish","4":"has-post-thumbnail","6":"product_cat-ventosas-cnc","8":"first","9":"instock","10":"shipping-taxable","11":"product-type-simple"},"_links":{"self":[{"href":"https:\/\/www.gncmeccanica.com\/es\/wp-json\/wp\/v2\/product\/313131","targetHints":{"allow":["GET"]}}],"collection":[{"href":"https:\/\/www.gncmeccanica.com\/es\/wp-json\/wp\/v2\/product"}],"about":[{"href":"https:\/\/www.gncmeccanica.com\/es\/wp-json\/wp\/v2\/types\/product"}],"replies":[{"embeddable":true,"href":"https:\/\/www.gncmeccanica.com\/es\/wp-json\/wp\/v2\/comments?post=313131"}],"wp:featuredmedia":[{"embeddable":true,"href":"https:\/\/www.gncmeccanica.com\/es\/wp-json\/wp\/v2\/media\/310803"}],"wp:attachment":[{"href":"https:\/\/www.gncmeccanica.com\/es\/wp-json\/wp\/v2\/media?parent=313131"}],"wp:term":[{"taxonomy":"product_brand","embeddable":true,"href":"https:\/\/www.gncmeccanica.com\/es\/wp-json\/wp\/v2\/product_brand?post=313131"},{"taxonomy":"product_cat","embeddable":true,"href":"https:\/\/www.gncmeccanica.com\/es\/wp-json\/wp\/v2\/product_cat?post=313131"},{"taxonomy":"product_tag","embeddable":true,"href":"https:\/\/www.gncmeccanica.com\/es\/wp-json\/wp\/v2\/product_tag?post=313131"}],"curies":[{"name":"wp","href":"https:\/\/api.w.org\/{rel}","templated":true}]}}