{"id":313108,"date":"2024-09-18T08:40:54","date_gmt":"2024-09-18T08:40:54","guid":{"rendered":"https:\/\/www.gncmeccanica.com\/prodotto\/bystronic-50x30\/"},"modified":"2024-09-18T08:40:54","modified_gmt":"2024-09-18T08:40:54","slug":"bystronic-50x30","status":"publish","type":"product","link":"https:\/\/www.gncmeccanica.com\/es\/prodotto\/bystronic-50x30\/","title":{"rendered":"BYSTRONIC 50X30"},"content":{"rendered":"","protected":false},"excerpt":{"rendered":"<p>Nuestras ventosas est\u00e1n 100 % fabricadas en Italia y cuidadosamente ensambladas a mano por personal experimentado. La superficie vulcanizada, con una mezcla especial antimanchas, es resistente a los \u00e1cidos y est\u00e1 garantizada contra el desprendimiento. La anodizaci\u00f3n del aluminio completa el proceso de resistencia a la oxidaci\u00f3n. <\/p>\n<p>Cada componente de una ventosa se rectifica con una tolerancia centesimal, garantizando una perfecta intercambiabilidad de los componentes y, en consecuencia, una perfecta tolerancia dimensional garantizada dentro de +\/-0,03 mil\u00edmetros.<\/p>\n","protected":false},"featured_media":310817,"comment_status":"open","ping_status":"closed","template":"","meta":{"_et_pb_use_builder":"","_et_pb_old_content":"","_et_gb_content_width":""},"product_brand":[],"product_cat":[646],"product_tag":[],"class_list":{"0":"post-313108","1":"product","2":"type-product","3":"status-publish","4":"has-post-thumbnail","6":"product_cat-ventosas-cnc","8":"first","9":"instock","10":"shipping-taxable","11":"product-type-simple"},"_links":{"self":[{"href":"https:\/\/www.gncmeccanica.com\/es\/wp-json\/wp\/v2\/product\/313108","targetHints":{"allow":["GET"]}}],"collection":[{"href":"https:\/\/www.gncmeccanica.com\/es\/wp-json\/wp\/v2\/product"}],"about":[{"href":"https:\/\/www.gncmeccanica.com\/es\/wp-json\/wp\/v2\/types\/product"}],"replies":[{"embeddable":true,"href":"https:\/\/www.gncmeccanica.com\/es\/wp-json\/wp\/v2\/comments?post=313108"}],"wp:featuredmedia":[{"embeddable":true,"href":"https:\/\/www.gncmeccanica.com\/es\/wp-json\/wp\/v2\/media\/310817"}],"wp:attachment":[{"href":"https:\/\/www.gncmeccanica.com\/es\/wp-json\/wp\/v2\/media?parent=313108"}],"wp:term":[{"taxonomy":"product_brand","embeddable":true,"href":"https:\/\/www.gncmeccanica.com\/es\/wp-json\/wp\/v2\/product_brand?post=313108"},{"taxonomy":"product_cat","embeddable":true,"href":"https:\/\/www.gncmeccanica.com\/es\/wp-json\/wp\/v2\/product_cat?post=313108"},{"taxonomy":"product_tag","embeddable":true,"href":"https:\/\/www.gncmeccanica.com\/es\/wp-json\/wp\/v2\/product_tag?post=313108"}],"curies":[{"name":"wp","href":"https:\/\/api.w.org\/{rel}","templated":true}]}}