{"id":313018,"date":"2024-09-18T10:10:00","date_gmt":"2024-09-18T10:10:00","guid":{"rendered":"https:\/\/www.gncmeccanica.com\/prodotto\/tope-de-posicionamiento-manual\/"},"modified":"2024-09-18T10:10:00","modified_gmt":"2024-09-18T10:10:00","slug":"tope-de-posicionamiento-manual","status":"publish","type":"product","link":"https:\/\/www.gncmeccanica.com\/es\/prodotto\/tope-de-posicionamiento-manual\/","title":{"rendered":"TOPE DE POSICIONAMIENTO MANUAL"},"content":{"rendered":"","protected":false},"excerpt":{"rendered":"<p class=\"cvGsUA direction-ltr align-center para-style-body\"><span class=\"OYPEnA font-feature-liga-off font-feature-clig-off font-feature-calt-off text-decoration-none text-strikethrough-none\">Nuestros sistemas de posicionamiento se fabrican con extracci\u00f3n manual del v\u00e1stago de tope o retr\u00e1ctil con control neum\u00e1tico. Su funci\u00f3n es crear puntos de origen para una configuraci\u00f3n r\u00e1pida y repetitiva de la pieza por mecanizar. <\/span><\/p>\n<p class=\"cvGsUA direction-ltr align-center para-style-body\"><span class=\"OYPEnA font-feature-liga-off font-feature-clig-off font-feature-calt-off text-decoration-none text-strikethrough-none\">El pin stop manual es un Sistema de Posicionamiento de Origen de la Pieza. Es econ\u00f3mico y funcional, \u00fatil para un posicionamiento r\u00e1pido y repetible de las placas por mecanizar. <\/span><\/p>\n<p class=\"cvGsUA direction-ltr align-center para-style-body\"><span class=\"OYPEnA font-feature-liga-off font-feature-clig-off font-feature-calt-off text-decoration-none text-strikethrough-none\">El back stop es un Sistema de Posicionamiento de Origen de la Pieza automatizado neum\u00e1ticamente. El v\u00e1stago de material pl\u00e1stico que act\u00faa como tope desciende autom\u00e1ticamente una vez completado el procedimiento de posicionamiento, antes del ciclo de producci\u00f3n. <\/span><\/p>\n","protected":false},"featured_media":310861,"comment_status":"open","ping_status":"closed","template":"","meta":{"_et_pb_use_builder":"","_et_pb_old_content":"","_et_gb_content_width":""},"product_brand":[],"product_cat":[1138],"product_tag":[],"class_list":{"0":"post-313018","1":"product","2":"type-product","3":"status-publish","4":"has-post-thumbnail","6":"product_cat-sistema-de-posicionamiento","8":"first","9":"instock","10":"shipping-taxable","11":"product-type-simple"},"_links":{"self":[{"href":"https:\/\/www.gncmeccanica.com\/es\/wp-json\/wp\/v2\/product\/313018","targetHints":{"allow":["GET"]}}],"collection":[{"href":"https:\/\/www.gncmeccanica.com\/es\/wp-json\/wp\/v2\/product"}],"about":[{"href":"https:\/\/www.gncmeccanica.com\/es\/wp-json\/wp\/v2\/types\/product"}],"replies":[{"embeddable":true,"href":"https:\/\/www.gncmeccanica.com\/es\/wp-json\/wp\/v2\/comments?post=313018"}],"wp:featuredmedia":[{"embeddable":true,"href":"https:\/\/www.gncmeccanica.com\/es\/wp-json\/wp\/v2\/media\/310861"}],"wp:attachment":[{"href":"https:\/\/www.gncmeccanica.com\/es\/wp-json\/wp\/v2\/media?parent=313018"}],"wp:term":[{"taxonomy":"product_brand","embeddable":true,"href":"https:\/\/www.gncmeccanica.com\/es\/wp-json\/wp\/v2\/product_brand?post=313018"},{"taxonomy":"product_cat","embeddable":true,"href":"https:\/\/www.gncmeccanica.com\/es\/wp-json\/wp\/v2\/product_cat?post=313018"},{"taxonomy":"product_tag","embeddable":true,"href":"https:\/\/www.gncmeccanica.com\/es\/wp-json\/wp\/v2\/product_tag?post=313018"}],"curies":[{"name":"wp","href":"https:\/\/api.w.org\/{rel}","templated":true}]}}