{"id":312916,"date":"2024-09-10T08:19:55","date_gmt":"2024-09-10T08:19:55","guid":{"rendered":"https:\/\/www.gncmeccanica.com\/prodotto\/bt40-5\/"},"modified":"2024-09-10T08:19:55","modified_gmt":"2024-09-10T08:19:55","slug":"bt40-5","status":"publish","type":"product","link":"https:\/\/www.gncmeccanica.com\/es\/prodotto\/bt40-5\/","title":{"rendered":"BT40"},"content":{"rendered":"","protected":false},"excerpt":{"rendered":"<p>Nuestros dispositivos portaconos son 100 % compatibles con los originales suministrados con su m\u00e1quina CNC. Elaborados \u00edntegramente a partir de un bloque macizo, garantizan una mayor elasticidad y durabilidad. Los dispositivos portaconos, denominados tambi\u00e9n coloquialmente \u00abmanos\u00bb, est\u00e1n fabricados con un tecnopol\u00edmero especial cargado y completamente mecanizados por CNC (no moldeados). Las caracter\u00edsticas t\u00e9cnicas del material, sumadas al desarrollo y el estudio, hacen que estos dispositivos portaconos sean extremadamente el\u00e1sticos y resistentes, perfectamente intercambiables con los originales.   <\/p>\n","protected":false},"featured_media":310643,"comment_status":"open","ping_status":"closed","template":"","meta":{"_et_pb_use_builder":"","_et_pb_old_content":"","_et_gb_content_width":""},"product_brand":[],"product_cat":[1037],"product_tag":[],"class_list":{"0":"post-312916","1":"product","2":"type-product","3":"status-publish","4":"has-post-thumbnail","6":"product_cat-dispositivos-portaconos","8":"first","9":"instock","10":"shipping-taxable","11":"product-type-simple"},"_links":{"self":[{"href":"https:\/\/www.gncmeccanica.com\/es\/wp-json\/wp\/v2\/product\/312916","targetHints":{"allow":["GET"]}}],"collection":[{"href":"https:\/\/www.gncmeccanica.com\/es\/wp-json\/wp\/v2\/product"}],"about":[{"href":"https:\/\/www.gncmeccanica.com\/es\/wp-json\/wp\/v2\/types\/product"}],"replies":[{"embeddable":true,"href":"https:\/\/www.gncmeccanica.com\/es\/wp-json\/wp\/v2\/comments?post=312916"}],"wp:featuredmedia":[{"embeddable":true,"href":"https:\/\/www.gncmeccanica.com\/es\/wp-json\/wp\/v2\/media\/310643"}],"wp:attachment":[{"href":"https:\/\/www.gncmeccanica.com\/es\/wp-json\/wp\/v2\/media?parent=312916"}],"wp:term":[{"taxonomy":"product_brand","embeddable":true,"href":"https:\/\/www.gncmeccanica.com\/es\/wp-json\/wp\/v2\/product_brand?post=312916"},{"taxonomy":"product_cat","embeddable":true,"href":"https:\/\/www.gncmeccanica.com\/es\/wp-json\/wp\/v2\/product_cat?post=312916"},{"taxonomy":"product_tag","embeddable":true,"href":"https:\/\/www.gncmeccanica.com\/es\/wp-json\/wp\/v2\/product_tag?post=312916"}],"curies":[{"name":"wp","href":"https:\/\/api.w.org\/{rel}","templated":true}]}}