{"id":312672,"date":"2024-09-18T10:33:32","date_gmt":"2024-09-18T10:33:32","guid":{"rendered":"https:\/\/www.gncmeccanica.com\/prodotto\/grupo-distribucionde-aire-32-entradas\/"},"modified":"2024-09-18T10:33:32","modified_gmt":"2024-09-18T10:33:32","slug":"grupo-distribucionde-aire-32-entradas","status":"publish","type":"product","link":"https:\/\/www.gncmeccanica.com\/es\/prodotto\/grupo-distribucionde-aire-32-entradas\/","title":{"rendered":"GRUPO DISTRIBUCIONDE AIRE 32 ENTRADAS"},"content":{"rendered":"","protected":false},"excerpt":{"rendered":"<p class=\"cvGsUA direction-ltr align-center para-style-body\"><span class=\"OYPEnA font-feature-liga-off font-feature-clig-off font-feature-calt-off text-decoration-none text-strikethrough-none\">El distribuidor nace como \u00f3rgano de distribuci\u00f3n del vac\u00edo de la bomba a las ventosas individuales, compuesto por dos o m\u00e1s l\u00edneas independientes para la alimentaci\u00f3n de la parte superior e inferior de las mismas. El distribuidor est\u00e1 equipado con v\u00e1lvulas manuales independientes (10, 20 o 32 unidades) para activar\/desactivar las l\u00edneas de vac\u00edo individuales para las ventosas conectadas al mismo. <\/span><\/p>\n","protected":false},"featured_media":310883,"comment_status":"open","ping_status":"closed","template":"","meta":{"_et_pb_use_builder":"","_et_pb_old_content":"","_et_gb_content_width":""},"product_brand":[],"product_cat":[1009],"product_tag":[],"class_list":{"0":"post-312672","1":"product","2":"type-product","3":"status-publish","4":"has-post-thumbnail","6":"product_cat-distribuidor","8":"first","9":"instock","10":"shipping-taxable","11":"product-type-simple"},"_links":{"self":[{"href":"https:\/\/www.gncmeccanica.com\/es\/wp-json\/wp\/v2\/product\/312672","targetHints":{"allow":["GET"]}}],"collection":[{"href":"https:\/\/www.gncmeccanica.com\/es\/wp-json\/wp\/v2\/product"}],"about":[{"href":"https:\/\/www.gncmeccanica.com\/es\/wp-json\/wp\/v2\/types\/product"}],"replies":[{"embeddable":true,"href":"https:\/\/www.gncmeccanica.com\/es\/wp-json\/wp\/v2\/comments?post=312672"}],"wp:featuredmedia":[{"embeddable":true,"href":"https:\/\/www.gncmeccanica.com\/es\/wp-json\/wp\/v2\/media\/310883"}],"wp:attachment":[{"href":"https:\/\/www.gncmeccanica.com\/es\/wp-json\/wp\/v2\/media?parent=312672"}],"wp:term":[{"taxonomy":"product_brand","embeddable":true,"href":"https:\/\/www.gncmeccanica.com\/es\/wp-json\/wp\/v2\/product_brand?post=312672"},{"taxonomy":"product_cat","embeddable":true,"href":"https:\/\/www.gncmeccanica.com\/es\/wp-json\/wp\/v2\/product_cat?post=312672"},{"taxonomy":"product_tag","embeddable":true,"href":"https:\/\/www.gncmeccanica.com\/es\/wp-json\/wp\/v2\/product_tag?post=312672"}],"curies":[{"name":"wp","href":"https:\/\/api.w.org\/{rel}","templated":true}]}}