{"id":312655,"date":"2024-09-18T12:00:42","date_gmt":"2024-09-18T12:00:42","guid":{"rendered":"https:\/\/www.gncmeccanica.com\/prodotto\/prolongador-o50-6-agujeros\/"},"modified":"2024-09-18T12:00:42","modified_gmt":"2024-09-18T12:00:42","slug":"prolongador-o50-6-agujeros","status":"publish","type":"product","link":"https:\/\/www.gncmeccanica.com\/es\/prodotto\/prolongador-o50-6-agujeros\/","title":{"rendered":"PROLONGADOR \u00d850 6 AGUJEROS"},"content":{"rendered":"","protected":false},"excerpt":{"rendered":"<p>Nuestras extensiones est\u00e1n dise\u00f1adas para ampliar con precisi\u00f3n la longitud operativa de los tool holders, manteniendo la estabilidad y la concentricidad durante el mecanizado. Su tratamiento niquelado proporciona una protecci\u00f3n superior contra el desgaste, la oxidaci\u00f3n y los agentes corrosivos, por lo que resultan ideales para entornos de producci\u00f3n de alta intensidad. <\/p>\n","protected":false},"featured_media":310907,"comment_status":"open","ping_status":"closed","template":"","meta":{"_et_pb_use_builder":"","_et_pb_old_content":"","_et_gb_content_width":""},"product_brand":[],"product_cat":[617],"product_tag":[],"class_list":{"0":"post-312655","1":"product","2":"type-product","3":"status-publish","4":"has-post-thumbnail","6":"product_cat-conos-portaherramientas","8":"first","9":"instock","10":"shipping-taxable","11":"product-type-simple"},"_links":{"self":[{"href":"https:\/\/www.gncmeccanica.com\/es\/wp-json\/wp\/v2\/product\/312655","targetHints":{"allow":["GET"]}}],"collection":[{"href":"https:\/\/www.gncmeccanica.com\/es\/wp-json\/wp\/v2\/product"}],"about":[{"href":"https:\/\/www.gncmeccanica.com\/es\/wp-json\/wp\/v2\/types\/product"}],"replies":[{"embeddable":true,"href":"https:\/\/www.gncmeccanica.com\/es\/wp-json\/wp\/v2\/comments?post=312655"}],"wp:featuredmedia":[{"embeddable":true,"href":"https:\/\/www.gncmeccanica.com\/es\/wp-json\/wp\/v2\/media\/310907"}],"wp:attachment":[{"href":"https:\/\/www.gncmeccanica.com\/es\/wp-json\/wp\/v2\/media?parent=312655"}],"wp:term":[{"taxonomy":"product_brand","embeddable":true,"href":"https:\/\/www.gncmeccanica.com\/es\/wp-json\/wp\/v2\/product_brand?post=312655"},{"taxonomy":"product_cat","embeddable":true,"href":"https:\/\/www.gncmeccanica.com\/es\/wp-json\/wp\/v2\/product_cat?post=312655"},{"taxonomy":"product_tag","embeddable":true,"href":"https:\/\/www.gncmeccanica.com\/es\/wp-json\/wp\/v2\/product_tag?post=312655"}],"curies":[{"name":"wp","href":"https:\/\/api.w.org\/{rel}","templated":true}]}}