{"id":312478,"date":"2024-09-30T07:21:39","date_gmt":"2024-09-30T07:21:39","guid":{"rendered":"https:\/\/www.gncmeccanica.com\/prodotto\/iso40-cono-portamuelle-o22-intermac\/"},"modified":"2024-09-30T07:21:39","modified_gmt":"2024-09-30T07:21:39","slug":"iso40-cono-portamuelle-o22-intermac","status":"publish","type":"product","link":"https:\/\/www.gncmeccanica.com\/es\/prodotto\/iso40-cono-portamuelle-o22-intermac\/","title":{"rendered":"ISO40 CONO PORTAMUELLE \u00d822 INTERMAC"},"content":{"rendered":"","protected":false},"excerpt":{"rendered":"<p class=\"cvGsUA direction-ltr align-center para-style-body\"><span class=\"OYPEnA font-feature-liga-off font-feature-clig-off font-feature-calt-off text-decoration-none text-strikethrough-none\">Llamados ORONERO, nuestros tool holders est\u00e1n fabricados con un material especial de cromo indeformable. Las dimensiones de cada tool holder se controlan a trav\u00e9s de una m\u00e1quina de medici\u00f3n \u00f3ptica con una resoluci\u00f3n del orden de una d\u00e9cima de micr\u00f3n. A continuaci\u00f3n, cada tool holder se equilibra con el grado de balanceado G2.5. El equilibrado reduce las vibraciones durante el mecanizado, lo que permite obtener mejores acabados de la pieza, desgastar menos la herramienta y preservar la longevidad del electromandril. Cada uno de nuestros tool holders se trata t\u00e9rmicamente, optimizando la resistencia a la oxidaci\u00f3n (haci\u00e9ndola incluso superior a la del acero inoxidable) y la funci\u00f3n antigripado.  <\/span><\/p>\n<p class=\"cvGsUA direction-ltr align-center para-style-body\"><span class=\"OYPEnA font-feature-liga-off font-feature-clig-off font-feature-calt-off text-decoration-none text-strikethrough-none\">Todos nuestros tool holders se suministran completos con tirante y locking kit<\/span><\/p>\n","protected":false},"featured_media":310939,"comment_status":"open","ping_status":"closed","template":"","meta":{"_et_pb_use_builder":"","_et_pb_old_content":"","_et_gb_content_width":""},"product_brand":[],"product_cat":[617],"product_tag":[],"class_list":{"0":"post-312478","1":"product","2":"type-product","3":"status-publish","4":"has-post-thumbnail","6":"product_cat-conos-portaherramientas","8":"first","9":"instock","10":"shipping-taxable","11":"product-type-simple"},"_links":{"self":[{"href":"https:\/\/www.gncmeccanica.com\/es\/wp-json\/wp\/v2\/product\/312478","targetHints":{"allow":["GET"]}}],"collection":[{"href":"https:\/\/www.gncmeccanica.com\/es\/wp-json\/wp\/v2\/product"}],"about":[{"href":"https:\/\/www.gncmeccanica.com\/es\/wp-json\/wp\/v2\/types\/product"}],"replies":[{"embeddable":true,"href":"https:\/\/www.gncmeccanica.com\/es\/wp-json\/wp\/v2\/comments?post=312478"}],"wp:featuredmedia":[{"embeddable":true,"href":"https:\/\/www.gncmeccanica.com\/es\/wp-json\/wp\/v2\/media\/310939"}],"wp:attachment":[{"href":"https:\/\/www.gncmeccanica.com\/es\/wp-json\/wp\/v2\/media?parent=312478"}],"wp:term":[{"taxonomy":"product_brand","embeddable":true,"href":"https:\/\/www.gncmeccanica.com\/es\/wp-json\/wp\/v2\/product_brand?post=312478"},{"taxonomy":"product_cat","embeddable":true,"href":"https:\/\/www.gncmeccanica.com\/es\/wp-json\/wp\/v2\/product_cat?post=312478"},{"taxonomy":"product_tag","embeddable":true,"href":"https:\/\/www.gncmeccanica.com\/es\/wp-json\/wp\/v2\/product_tag?post=312478"}],"curies":[{"name":"wp","href":"https:\/\/api.w.org\/{rel}","templated":true}]}}