{"id":312229,"date":"2024-10-07T15:38:39","date_gmt":"2024-10-07T15:38:39","guid":{"rendered":"https:\/\/www.gncmeccanica.com\/prodotto\/tirante-din\/"},"modified":"2024-10-07T15:38:39","modified_gmt":"2024-10-07T15:38:39","slug":"tirante-din","status":"publish","type":"product","link":"https:\/\/www.gncmeccanica.com\/es\/prodotto\/tirante-din\/","title":{"rendered":"TIRANTE DIN"},"content":{"rendered":"","protected":false},"excerpt":{"rendered":"<p>Los tirantes GNC Meccanica est\u00e1n fabricados con materiales de alta calidad y tratados con un exclusivo proceso de \u00abOro Negro\u00bb (Oro Nero, en italiano), que les confiere una resistencia superior y una duraci\u00f3n sin igual. Este tratamiento avanzado aumenta la protecci\u00f3n contra el desgaste y las tensiones mec\u00e1nicas, garantizando un rendimiento \u00f3ptimo incluso en las condiciones m\u00e1s extremas. Fiabilidad, precisi\u00f3n y resistencia son los puntos fuertes de nuestros tirantes, dise\u00f1ados para quienes buscan solo lo mejor en t\u00e9rminos de rendimiento y larga vida \u00fatil.  <\/p>\n","protected":false},"featured_media":311149,"comment_status":"open","ping_status":"closed","template":"","meta":{"_et_pb_use_builder":"","_et_pb_old_content":"","_et_gb_content_width":""},"product_brand":[],"product_cat":[617],"product_tag":[],"class_list":{"0":"post-312229","1":"product","2":"type-product","3":"status-publish","4":"has-post-thumbnail","6":"product_cat-conos-portaherramientas","8":"first","9":"instock","10":"shipping-taxable","11":"product-type-simple"},"_links":{"self":[{"href":"https:\/\/www.gncmeccanica.com\/es\/wp-json\/wp\/v2\/product\/312229","targetHints":{"allow":["GET"]}}],"collection":[{"href":"https:\/\/www.gncmeccanica.com\/es\/wp-json\/wp\/v2\/product"}],"about":[{"href":"https:\/\/www.gncmeccanica.com\/es\/wp-json\/wp\/v2\/types\/product"}],"replies":[{"embeddable":true,"href":"https:\/\/www.gncmeccanica.com\/es\/wp-json\/wp\/v2\/comments?post=312229"}],"wp:featuredmedia":[{"embeddable":true,"href":"https:\/\/www.gncmeccanica.com\/es\/wp-json\/wp\/v2\/media\/311149"}],"wp:attachment":[{"href":"https:\/\/www.gncmeccanica.com\/es\/wp-json\/wp\/v2\/media?parent=312229"}],"wp:term":[{"taxonomy":"product_brand","embeddable":true,"href":"https:\/\/www.gncmeccanica.com\/es\/wp-json\/wp\/v2\/product_brand?post=312229"},{"taxonomy":"product_cat","embeddable":true,"href":"https:\/\/www.gncmeccanica.com\/es\/wp-json\/wp\/v2\/product_cat?post=312229"},{"taxonomy":"product_tag","embeddable":true,"href":"https:\/\/www.gncmeccanica.com\/es\/wp-json\/wp\/v2\/product_tag?post=312229"}],"curies":[{"name":"wp","href":"https:\/\/api.w.org\/{rel}","templated":true}]}}