{"id":312054,"date":"2025-01-14T09:11:03","date_gmt":"2025-01-14T09:11:03","guid":{"rendered":"https:\/\/www.gncmeccanica.com\/prodotto\/80x360-para-cnc-verticales\/"},"modified":"2025-01-14T09:11:03","modified_gmt":"2025-01-14T09:11:03","slug":"80x360-para-cnc-verticales","status":"publish","type":"product","link":"https:\/\/www.gncmeccanica.com\/es\/prodotto\/80x360-para-cnc-verticales\/","title":{"rendered":"80X360 para CNC verticales"},"content":{"rendered":"","protected":false},"excerpt":{"rendered":"<p>Nuestras ventosas est\u00e1n 100 % fabricadas en Italia y cuidadosamente ensambladas a mano por personal experimentado. La superficie vulcanizada, con una mezcla especial antimanchas, es resistente a los \u00e1cidos y est\u00e1 garantizada contra el desprendimiento. La anodizaci\u00f3n del aluminio completa el proceso de resistencia a la oxidaci\u00f3n. El recubrimiento especial de las columnas \u201cCarbon look\u201d (negro, rojo, gris o blanco, incluso serigrafiado) no solo hace que nuestras ventosas sean \u00fanicas, sino que tambi\u00e9n previene la oxidaci\u00f3n gracias a su alta fuerza hidrorrepelente, lo que facilita una limpieza r\u00e1pida y sencilla al final de la jornada.   <\/p>\n<p>Cada componente de una ventosa se rectifica con una tolerancia de cent\u00e9simas, garantizando una perfecta intercambiabilidad de las piezas y, por tanto, una precisi\u00f3n dimensional asegurada dentro de \u00b10,03 mil\u00edmetros.<\/p>\n","protected":false},"featured_media":313308,"comment_status":"open","ping_status":"closed","template":"","meta":{"_et_pb_use_builder":"","_et_pb_old_content":"","_et_gb_content_width":""},"product_brand":[],"product_cat":[646],"product_tag":[],"class_list":{"0":"post-312054","1":"product","2":"type-product","3":"status-publish","4":"has-post-thumbnail","6":"product_cat-ventosas-cnc","8":"first","9":"instock","10":"shipping-taxable","11":"product-type-simple"},"_links":{"self":[{"href":"https:\/\/www.gncmeccanica.com\/es\/wp-json\/wp\/v2\/product\/312054","targetHints":{"allow":["GET"]}}],"collection":[{"href":"https:\/\/www.gncmeccanica.com\/es\/wp-json\/wp\/v2\/product"}],"about":[{"href":"https:\/\/www.gncmeccanica.com\/es\/wp-json\/wp\/v2\/types\/product"}],"replies":[{"embeddable":true,"href":"https:\/\/www.gncmeccanica.com\/es\/wp-json\/wp\/v2\/comments?post=312054"}],"wp:featuredmedia":[{"embeddable":true,"href":"https:\/\/www.gncmeccanica.com\/es\/wp-json\/wp\/v2\/media\/313308"}],"wp:attachment":[{"href":"https:\/\/www.gncmeccanica.com\/es\/wp-json\/wp\/v2\/media?parent=312054"}],"wp:term":[{"taxonomy":"product_brand","embeddable":true,"href":"https:\/\/www.gncmeccanica.com\/es\/wp-json\/wp\/v2\/product_brand?post=312054"},{"taxonomy":"product_cat","embeddable":true,"href":"https:\/\/www.gncmeccanica.com\/es\/wp-json\/wp\/v2\/product_cat?post=312054"},{"taxonomy":"product_tag","embeddable":true,"href":"https:\/\/www.gncmeccanica.com\/es\/wp-json\/wp\/v2\/product_tag?post=312054"}],"curies":[{"name":"wp","href":"https:\/\/api.w.org\/{rel}","templated":true}]}}