{"id":312037,"date":"2025-05-29T10:17:57","date_gmt":"2025-05-29T10:17:57","guid":{"rendered":"https:\/\/www.gncmeccanica.com\/prodotto\/pinza-elastica-er-20\/"},"modified":"2026-01-28T12:38:50","modified_gmt":"2026-01-28T12:38:50","slug":"pinza-elastica-er-20","status":"publish","type":"product","link":"https:\/\/www.gncmeccanica.com\/es\/prodotto\/pinza-elastica-er-20\/","title":{"rendered":"Pinza el\u00e1stica ER 20"},"content":{"rendered":"","protected":false},"excerpt":{"rendered":"<p>Nuestras pinzas de apriete est\u00e1n dise\u00f1adas para garantizar la m\u00e1xima precisi\u00f3n y fiabilidad en los sistemas de sujeci\u00f3n en los tool holders. Fabricadas con materiales de alta calidad y sometidas a un tratamiento de niquelado, ofrecen una mayor resistencia al desgaste, a la corrosi\u00f3n y una larga vida \u00fatil. Ideales para aplicaciones en entornos industriales de altas prestaciones.  <\/p>\n","protected":false},"featured_media":310905,"comment_status":"open","ping_status":"closed","template":"","meta":{"_et_pb_use_builder":"","_et_pb_old_content":"","_et_gb_content_width":""},"product_brand":[],"product_cat":[617],"product_tag":[],"class_list":{"0":"post-312037","1":"product","2":"type-product","3":"status-publish","4":"has-post-thumbnail","6":"product_cat-conos-portaherramientas","8":"first","9":"instock","10":"shipping-taxable","11":"product-type-simple"},"_links":{"self":[{"href":"https:\/\/www.gncmeccanica.com\/es\/wp-json\/wp\/v2\/product\/312037","targetHints":{"allow":["GET"]}}],"collection":[{"href":"https:\/\/www.gncmeccanica.com\/es\/wp-json\/wp\/v2\/product"}],"about":[{"href":"https:\/\/www.gncmeccanica.com\/es\/wp-json\/wp\/v2\/types\/product"}],"replies":[{"embeddable":true,"href":"https:\/\/www.gncmeccanica.com\/es\/wp-json\/wp\/v2\/comments?post=312037"}],"wp:featuredmedia":[{"embeddable":true,"href":"https:\/\/www.gncmeccanica.com\/es\/wp-json\/wp\/v2\/media\/310905"}],"wp:attachment":[{"href":"https:\/\/www.gncmeccanica.com\/es\/wp-json\/wp\/v2\/media?parent=312037"}],"wp:term":[{"taxonomy":"product_brand","embeddable":true,"href":"https:\/\/www.gncmeccanica.com\/es\/wp-json\/wp\/v2\/product_brand?post=312037"},{"taxonomy":"product_cat","embeddable":true,"href":"https:\/\/www.gncmeccanica.com\/es\/wp-json\/wp\/v2\/product_cat?post=312037"},{"taxonomy":"product_tag","embeddable":true,"href":"https:\/\/www.gncmeccanica.com\/es\/wp-json\/wp\/v2\/product_tag?post=312037"}],"curies":[{"name":"wp","href":"https:\/\/api.w.org\/{rel}","templated":true}]}}