{"id":312032,"date":"2025-05-29T10:38:06","date_gmt":"2025-05-29T10:38:06","guid":{"rendered":"https:\/\/www.gncmeccanica.com\/prodotto\/extension-1-2-gas-mf\/"},"modified":"2026-01-28T12:34:16","modified_gmt":"2026-01-28T12:34:16","slug":"extension-1-2-gas-mf","status":"publish","type":"product","link":"https:\/\/www.gncmeccanica.com\/es\/prodotto\/extension-1-2-gas-mf\/","title":{"rendered":"prolongador 1\/2 GAS MF"},"content":{"rendered":"","protected":false},"excerpt":{"rendered":"<p>Nuestras extensiones est\u00e1n dise\u00f1adas para ampliar con precisi\u00f3n la longitud operativa de los tool holders, manteniendo la estabilidad y la concentricidad durante el mecanizado. Su tratamiento niquelado proporciona una protecci\u00f3n superior contra el desgaste, la oxidaci\u00f3n y los agentes corrosivos, por lo que resultan ideales para entornos de producci\u00f3n de alta intensidad. <\/p>\n","protected":false},"featured_media":311153,"comment_status":"open","ping_status":"closed","template":"","meta":{"_et_pb_use_builder":"","_et_pb_old_content":"","_et_gb_content_width":""},"product_brand":[],"product_cat":[617],"product_tag":[],"class_list":{"0":"post-312032","1":"product","2":"type-product","3":"status-publish","4":"has-post-thumbnail","6":"product_cat-conos-portaherramientas","8":"first","9":"instock","10":"shipping-taxable","11":"product-type-simple"},"_links":{"self":[{"href":"https:\/\/www.gncmeccanica.com\/es\/wp-json\/wp\/v2\/product\/312032","targetHints":{"allow":["GET"]}}],"collection":[{"href":"https:\/\/www.gncmeccanica.com\/es\/wp-json\/wp\/v2\/product"}],"about":[{"href":"https:\/\/www.gncmeccanica.com\/es\/wp-json\/wp\/v2\/types\/product"}],"replies":[{"embeddable":true,"href":"https:\/\/www.gncmeccanica.com\/es\/wp-json\/wp\/v2\/comments?post=312032"}],"wp:featuredmedia":[{"embeddable":true,"href":"https:\/\/www.gncmeccanica.com\/es\/wp-json\/wp\/v2\/media\/311153"}],"wp:attachment":[{"href":"https:\/\/www.gncmeccanica.com\/es\/wp-json\/wp\/v2\/media?parent=312032"}],"wp:term":[{"taxonomy":"product_brand","embeddable":true,"href":"https:\/\/www.gncmeccanica.com\/es\/wp-json\/wp\/v2\/product_brand?post=312032"},{"taxonomy":"product_cat","embeddable":true,"href":"https:\/\/www.gncmeccanica.com\/es\/wp-json\/wp\/v2\/product_cat?post=312032"},{"taxonomy":"product_tag","embeddable":true,"href":"https:\/\/www.gncmeccanica.com\/es\/wp-json\/wp\/v2\/product_tag?post=312032"}],"curies":[{"name":"wp","href":"https:\/\/api.w.org\/{rel}","templated":true}]}}